{"id":134,"date":"2025-11-11T15:54:07","date_gmt":"2025-11-11T14:54:07","guid":{"rendered":"https:\/\/campusrestrepo.unillanos.edu.co\/?page_id=134"},"modified":"2025-11-11T15:54:07","modified_gmt":"2025-11-11T14:54:07","slug":"conocenos","status":"publish","type":"page","link":"https:\/\/campusrestrepo.unillanos.edu.co\/index.php\/conocenos\/","title":{"rendered":"Con\u00f3cenos"},"content":{"rendered":"\n<p>El Centro de Apropiaci\u00f3n Social del Conocimiento es un espacio de la Universidad de los Llanos que busca fortalecer la conexi\u00f3n entre la ciencia, la comunidad y el territorio. Surge como una iniciativa que busca fortalecer el conocimiento cient\u00edfico y acad\u00e9mico, traduci\u00e9ndolo en experiencias significativas, cercanas y participativas para la comunidad, con un enfoque especial en la regi\u00f3n de la Orinoquia colombiana.<\/p>\n\n\n\n<p>El Centro integra acciones de educaci\u00f3n ambiental, divulgaci\u00f3n cient\u00edfica, innovaci\u00f3n social y comunicaci\u00f3n del conocimiento, convirti\u00e9ndose en un punto de encuentro entre los saberes tradicionales y la ciencia contempor\u00e1nea.<\/p>\n\n\n\n<p>\u00b7&nbsp;&nbsp;&nbsp;&nbsp;&nbsp;&nbsp;<strong>Prop\u00f3sito y esencia<\/strong><\/p>\n\n\n\n<p>El Centro de Apropiaci\u00f3n Social del Conocimiento promueve la&nbsp;<strong>apropiaci\u00f3n del conocimiento<\/strong>&nbsp;como una herramienta para la transformaci\u00f3n social y el desarrollo sostenible. Su prop\u00f3sito no es solo ense\u00f1ar, sino&nbsp;<strong>inspirar la curiosidad, fortalecer la conciencia ambiental y promover la participaci\u00f3n ciudadana<\/strong>&nbsp;en torno a la ciencia y la innovaci\u00f3n.<\/p>\n\n\n\n<p>\u00b7&nbsp;&nbsp;&nbsp;&nbsp;&nbsp;&nbsp;<strong>Ejes estrat\u00e9gicos de acci\u00f3n<\/strong><\/p>\n\n\n\n<p>1.&nbsp;&nbsp;&nbsp;&nbsp;<strong>Educaci\u00f3n y cultura cient\u00edfica:<\/strong>&nbsp;promover el pensamiento cr\u00edtico, la curiosidad y el aprendizaje a trav\u00e9s de experiencias interactivas y pedag\u00f3gicas.<\/p>\n\n\n\n<p>2.&nbsp;&nbsp;&nbsp;&nbsp;<strong>Divulgaci\u00f3n y comunicaci\u00f3n del conocimiento:<\/strong>&nbsp;traducir los resultados de la investigaci\u00f3n acad\u00e9mica en lenguajes accesibles para la sociedad.<\/p>\n\n\n\n<p>3.&nbsp;&nbsp;&nbsp;&nbsp;<strong>Cultura ambiental y sostenibilidad:<\/strong>&nbsp;impulsar la conservaci\u00f3n de la biodiversidad y el uso responsable de los recursos naturales mediante proyectos educativos y comunitarios.<\/p>\n\n\n\n<p>4.&nbsp;&nbsp;&nbsp;&nbsp;<strong>Interacci\u00f3n con comunidades:<\/strong>&nbsp;trabajar de la mano con actores locales, rurales y urbanos para construir conocimiento desde el territorio.<\/p>\n\n\n\n<p>5.&nbsp;&nbsp;&nbsp;&nbsp;<strong>Innovaci\u00f3n y tecnolog\u00eda social:<\/strong>&nbsp;fomentar proyectos que integren ciencia, arte y tecnolog\u00eda con soluciones pr\u00e1cticas para la regi\u00f3n.<\/p>\n","protected":false},"excerpt":{"rendered":"<p>El Centro de Apropiaci\u00f3n Social del Conocimiento es un espacio de la Universidad de los Llanos que busca fortalecer la conexi\u00f3n entre la ciencia, la comunidad y el territorio. Surge como una iniciativa que busca fortalecer el conocimiento cient\u00edfico y acad\u00e9mico, traduci\u00e9ndolo en experiencias significativas, cercanas y participativas para la comunidad, con un enfoque especial [&hellip;]<\/p>\n","protected":false},"author":1,"featured_media":0,"parent":0,"menu_order":0,"comment_status":"closed","ping_status":"closed","template":"","meta":{"footnotes":""},"class_list":["post-134","page","type-page","status-publish","hentry"],"blocksy_meta":[],"_links":{"self":[{"href":"https:\/\/campusrestrepo.unillanos.edu.co\/index.php\/wp-json\/wp\/v2\/pages\/134","targetHints":{"allow":["GET"]}}],"collection":[{"href":"https:\/\/campusrestrepo.unillanos.edu.co\/index.php\/wp-json\/wp\/v2\/pages"}],"about":[{"href":"https:\/\/campusrestrepo.unillanos.edu.co\/index.php\/wp-json\/wp\/v2\/types\/page"}],"author":[{"embeddable":true,"href":"https:\/\/campusrestrepo.unillanos.edu.co\/index.php\/wp-json\/wp\/v2\/users\/1"}],"replies":[{"embeddable":true,"href":"https:\/\/campusrestrepo.unillanos.edu.co\/index.php\/wp-json\/wp\/v2\/comments?post=134"}],"version-history":[{"count":1,"href":"https:\/\/campusrestrepo.unillanos.edu.co\/index.php\/wp-json\/wp\/v2\/pages\/134\/revisions"}],"predecessor-version":[{"id":135,"href":"https:\/\/campusrestrepo.unillanos.edu.co\/index.php\/wp-json\/wp\/v2\/pages\/134\/revisions\/135"}],"wp:attachment":[{"href":"https:\/\/campusrestrepo.unillanos.edu.co\/index.php\/wp-json\/wp\/v2\/media?parent=134"}],"curies":[{"name":"wp","href":"https:\/\/api.w.org\/{rel}","templated":true}]}}