{"id":20,"date":"2025-06-26T21:49:20","date_gmt":"2025-06-26T19:49:20","guid":{"rendered":"https:\/\/campusrestrepo.unillanos.edu.co\/?page_id=20"},"modified":"2025-07-30T18:21:11","modified_gmt":"2025-07-30T16:21:11","slug":"quienes-somos","status":"publish","type":"page","link":"https:\/\/campusrestrepo.unillanos.edu.co\/index.php\/quienes-somos\/","title":{"rendered":"Quienes somos"},"content":{"rendered":"\n<p><strong>QUIENES SOMOS:<\/strong><\/p>\n\n\n\n<p><strong>El Museo de Historia Natural Unillanos (MHNU<\/strong>), es un espacio dedicado a la preservaci\u00f3n y divulgaci\u00f3n de la biodiversidad de la regi\u00f3n de la Orinoqu\u00eda Colombiana. <strong>El MHNU<\/strong> tiene como principio la taxonom\u00eda y sistem\u00e1tica, fundamentales en la comprensi\u00f3n de la organizaci\u00f3n de la naturaleza, comunicaci\u00f3n del conocimiento, y base para otros campos como la ecolog\u00eda, comportamiento, evoluci\u00f3n, entre otros.<\/p>\n\n\n\n<p><\/p>\n\n\n\n<p><strong>MISI\u00d3N<\/strong><\/p>\n\n\n\n<p><strong>El Museo de Historia Natural Unillanos (MHNU) <\/strong>tiene como misi\u00f3n<strong> <\/strong>\u00a0fomentar en la comunidad en general la apropiaci\u00f3n de la diversidad biol\u00f3gica caracter\u00edstica de la Orinoquia a trav\u00e9s de la investigaci\u00f3n cient\u00edfica y la educaci\u00f3n. Esto incluye la preservaci\u00f3n de una muestra del patrimonio natural nacional representada en espec\u00edmenes biol\u00f3gicos de colecciones cient\u00edficas, exhibiciones permanentes, temporales o itinerantes, y actividades educativas y did\u00e1cticas que permitan promover su descubrimiento, estudio y divulgaci\u00f3n<\/p>\n\n\n\n<p><strong>VISI\u00d3N<\/strong><\/p>\n\n\n\n<p><strong>El Museo de Historia Natural Unillanos (MHNU)<\/strong> potenciar\u00e1 la investigaci\u00f3n sobre la diversidad biol\u00f3gica nacional con \u00e9nfasis en fauna de la Orinoquia colombiana, as\u00ed como su conocimiento y acercamiento a la sociedad en general, esto mediante el apoyo a semilleros y grupos de investigaci\u00f3n, l\u00edneas de profundizaci\u00f3n y convenios acad\u00e9micos, lo que permitir\u00e1 consolidar al <strong>MHNU<\/strong> como referente de informaci\u00f3n sobre la biodiversidad regional, su uso y conservaci\u00f3n.<\/p>\n\n\n\n<p><\/p>\n","protected":false},"excerpt":{"rendered":"<p>QUIENES SOMOS: El Museo de Historia Natural Unillanos (MHNU), es un espacio dedicado a la preservaci\u00f3n y divulgaci\u00f3n de la biodiversidad de la regi\u00f3n de la Orinoqu\u00eda Colombiana. El MHNU tiene como principio la taxonom\u00eda y sistem\u00e1tica, fundamentales en la comprensi\u00f3n de la organizaci\u00f3n de la naturaleza, comunicaci\u00f3n del conocimiento, y base para otros campos [&hellip;]<\/p>\n","protected":false},"author":1,"featured_media":0,"parent":0,"menu_order":0,"comment_status":"closed","ping_status":"closed","template":"","meta":{"footnotes":""},"class_list":["post-20","page","type-page","status-publish","hentry"],"blocksy_meta":[],"_links":{"self":[{"href":"https:\/\/campusrestrepo.unillanos.edu.co\/index.php\/wp-json\/wp\/v2\/pages\/20","targetHints":{"allow":["GET"]}}],"collection":[{"href":"https:\/\/campusrestrepo.unillanos.edu.co\/index.php\/wp-json\/wp\/v2\/pages"}],"about":[{"href":"https:\/\/campusrestrepo.unillanos.edu.co\/index.php\/wp-json\/wp\/v2\/types\/page"}],"author":[{"embeddable":true,"href":"https:\/\/campusrestrepo.unillanos.edu.co\/index.php\/wp-json\/wp\/v2\/users\/1"}],"replies":[{"embeddable":true,"href":"https:\/\/campusrestrepo.unillanos.edu.co\/index.php\/wp-json\/wp\/v2\/comments?post=20"}],"version-history":[{"count":4,"href":"https:\/\/campusrestrepo.unillanos.edu.co\/index.php\/wp-json\/wp\/v2\/pages\/20\/revisions"}],"predecessor-version":[{"id":93,"href":"https:\/\/campusrestrepo.unillanos.edu.co\/index.php\/wp-json\/wp\/v2\/pages\/20\/revisions\/93"}],"wp:attachment":[{"href":"https:\/\/campusrestrepo.unillanos.edu.co\/index.php\/wp-json\/wp\/v2\/media?parent=20"}],"curies":[{"name":"wp","href":"https:\/\/api.w.org\/{rel}","templated":true}]}}